{"id":739,"date":"2026-01-02T16:29:22","date_gmt":"2026-01-02T15:29:22","guid":{"rendered":"https:\/\/cabinet-renaisens.fr\/?page_id=739"},"modified":"2026-01-19T16:31:24","modified_gmt":"2026-01-19T15:31:24","slug":"code-de-deontologie-des-psychologue","status":"publish","type":"page","link":"https:\/\/cabinet-renaisens.fr\/index.php\/code-de-deontologie-des-psychologue\/","title":{"rendered":"Code de d\u00e9ontologie"},"content":{"rendered":"<div data-colibri-id=\"739-c1\" class=\"style-493 style-local-739-c1 position-relative\">\n  <!---->\n  <div data-colibri-component=\"section\" data-colibri-id=\"739-c2\" id=\"custom\" class=\"h-section h-section-global-spacing d-flex align-items-lg-center align-items-md-center align-items-center style-494 style-local-739-c2 position-relative\">\n    <!---->\n    <!---->\n    <div class=\"h-section-grid-container h-section-boxed-container\">\n      <!---->\n      <div data-colibri-id=\"739-c3\" class=\"h-row-container gutters-row-lg-2 gutters-row-md-2 gutters-row-0 gutters-row-v-lg-2 gutters-row-v-md-2 gutters-row-v-2 style-495 style-local-739-c3 position-relative\">\n        <!---->\n        <div class=\"h-row justify-content-lg-center justify-content-md-center justify-content-center align-items-lg-stretch align-items-md-stretch align-items-stretch gutters-col-lg-2 gutters-col-md-2 gutters-col-0 gutters-col-v-lg-2 gutters-col-v-md-2 gutters-col-v-2\">\n          <!---->\n          <div class=\"h-column h-column-container d-flex h-col-lg-auto h-col-md-auto h-col-auto style-496-outer style-local-739-c4-outer\">\n            <div data-colibri-id=\"739-c4\" class=\"d-flex h-flex-basis h-column__inner h-px-lg-2 h-px-md-2 h-px-2 v-inner-lg-2 v-inner-md-2 v-inner-2 style-496 style-local-739-c4 position-relative\">\n              <!---->\n              <!---->\n              <div class=\"w-100 h-y-container h-column__content h-column__v-align flex-basis-100 align-self-lg-start align-self-md-start align-self-start\">\n                <!---->\n                <div data-colibri-id=\"739-c5\" class=\"h-text h-text-component style-498 style-local-739-c5 position-relative h-element\">\n                  <!---->\n                  <!---->\n                  <div class=\"\">\n                    <p>Les psychologues sont soumis \u00e0 un code de d\u00e9ontologie qui&nbsp;vise \u00e0 prot\u00e9ger les patients ainsi que les praticiens contre les m\u00e9susages de la psychologie.<\/p>\n                  <\/div>\n                <\/div>\n              <\/div>\n            <\/div>\n          <\/div>\n          <div class=\"h-column h-column-container d-flex h-col-lg-auto h-col-md-auto h-col-auto style-497-outer style-local-739-c6-outer\">\n            <div data-colibri-id=\"739-c6\" class=\"d-flex h-flex-basis h-column__inner h-px-lg-2 h-px-md-2 h-px-2 v-inner-lg-2 v-inner-md-2 v-inner-2 style-497 style-local-739-c6 position-relative\">\n              <!---->\n              <!---->\n              <div class=\"w-100 h-y-container h-column__content h-column__v-align flex-basis-100 align-self-lg-start align-self-md-start align-self-start\">\n                <!---->\n                <div data-colibri-id=\"739-c7\" class=\"h-x-container style-499 style-local-739-c7 position-relative h-element\">\n                  <!---->\n                  <div class=\"h-x-container-inner style-dynamic-739-c7-group style-499-spacing style-local-739-c7-spacing\"><span class=\"h-button__outer style-500-outer style-local-739-c8-outer d-inline-flex h-element\"><a h-use-smooth-scroll=\"true\" href=\"https:\/\/cabinet-renaisens.fr\/wp-content\/uploads\/2025\/01\/Code_deontologie_psychologue_9-09-2021.pdf\"  data-colibri-id=\"739-c8\" class=\"d-flex w-100 align-items-center h-button justify-content-lg-center justify-content-md-center justify-content-center style-500 style-local-739-c8 position-relative\"><!----><!----> <span>T\u00e9l\u00e9chargez le code de d\u00e9ontologie des psychologues<\/span><\/a>\n                    <\/span>\n                  <\/div>\n                <\/div>\n              <\/div>\n            <\/div>\n          <\/div>\n        <\/div>\n      <\/div>\n    <\/div>\n  <\/div>\n  <div data-colibri-component=\"section\" data-colibri-id=\"739-c9\" id=\"custom-2\" class=\"h-section h-section-global-spacing d-flex align-items-lg-center align-items-md-center align-items-center style-501 style-local-739-c9 position-relative\">\n    <!---->\n    <!---->\n    <div class=\"h-section-grid-container h-section-boxed-container\">\n      <!---->\n      <div data-colibri-id=\"739-c10\" class=\"h-row-container gutters-row-lg-2 gutters-row-md-2 gutters-row-0 gutters-row-v-lg-2 gutters-row-v-md-2 gutters-row-v-2 style-502 style-local-739-c10 position-relative\">\n        <!---->\n        <div class=\"h-row justify-content-lg-center justify-content-md-center justify-content-center align-items-lg-stretch align-items-md-stretch align-items-stretch gutters-col-lg-2 gutters-col-md-2 gutters-col-0 gutters-col-v-lg-2 gutters-col-v-md-2 gutters-col-v-2\">\n          <!---->\n          <div class=\"h-column h-column-container d-flex h-col-lg-auto h-col-md-auto h-col-auto style-503-outer style-local-739-c11-outer\">\n            <div data-colibri-id=\"739-c11\" class=\"d-flex h-flex-basis h-column__inner h-px-lg-2 h-px-md-2 h-px-2 v-inner-lg-2 v-inner-md-2 v-inner-2 style-503 style-local-739-c11 position-relative\">\n              <!---->\n              <!---->\n              <div class=\"w-100 h-y-container h-column__content h-column__v-align flex-basis-100 align-self-lg-start align-self-md-start align-self-start\">\n                <!---->\n                <div data-colibri-id=\"739-c12\" class=\"h-x-container style-505 style-local-739-c12 position-relative h-element\">\n                  <!---->\n                  <div class=\"h-x-container-inner style-dynamic-739-c12-group style-505-spacing style-local-739-c12-spacing\"><span class=\"h-button__outer style-506-outer style-local-739-c13-outer d-inline-flex h-element\"><a h-use-smooth-scroll=\"true\" href=\"https:\/\/cabinet-renaisens.fr\/wp-content\/uploads\/2025\/01\/Code-de-deontologie-Coach-en-Psychologie-Positive.pdf\"  data-colibri-id=\"739-c13\" class=\"d-flex w-100 align-items-center h-button justify-content-lg-center justify-content-md-center justify-content-center style-506 style-local-739-c13 position-relative\"><!----><!----> <span>T\u00e9l\u00e9chargez le code de d\u00e9ontologie des Coachs en psychologie positive<\/span><\/a>\n                    <\/span>\n                  <\/div>\n                <\/div>\n              <\/div>\n            <\/div>\n          <\/div>\n          <div class=\"h-column h-column-container d-flex h-col-lg-auto h-col-md-auto h-col-auto style-504-outer style-local-739-c14-outer\">\n            <div data-colibri-id=\"739-c14\" class=\"d-flex h-flex-basis h-column__inner h-px-lg-2 h-px-md-2 h-px-2 v-inner-lg-2 v-inner-md-2 v-inner-2 style-504 style-local-739-c14 position-relative\">\n              <!---->\n              <!---->\n              <div class=\"w-100 h-y-container h-column__content h-column__v-align flex-basis-100 align-self-lg-start align-self-md-start align-self-start\">\n                <!---->\n                <div data-colibri-id=\"739-c15\" class=\"h-text h-text-component style-507 style-local-739-c15 position-relative h-element\">\n                  <!---->\n                  <!---->\n                  <div class=\"\">\n                    <p>Le m\u00e9tier de coach n&rsquo;est pas r\u00e9glement\u00e9 en France. Toutefois nous nous engageons \u00e0 respecter le code de d\u00e9ontologie des coachs en psychologie positive visant \u00e0 encadrer la profession.<\/p>\n                  <\/div>\n                <\/div>\n              <\/div>\n            <\/div>\n          <\/div>\n        <\/div>\n      <\/div>\n    <\/div>\n  <\/div>\n  <div data-colibri-component=\"section\" data-colibri-id=\"739-c16\" id=\"custom-3\" class=\"h-section h-section-global-spacing d-flex align-items-lg-center align-items-md-center align-items-center style-1347 style-local-739-c16 position-relative\">\n    <!---->\n    <!---->\n    <div class=\"h-section-grid-container h-section-boxed-container\">\n      <!---->\n      <div data-colibri-id=\"739-c23\" class=\"h-row-container gutters-row-lg-2 gutters-row-md-2 gutters-row-0 gutters-row-v-lg-2 gutters-row-v-md-2 gutters-row-v-2 style-1354 style-local-739-c23 position-relative\">\n        <!---->\n        <div class=\"h-row justify-content-lg-center justify-content-md-center justify-content-center align-items-lg-stretch align-items-md-stretch align-items-stretch gutters-col-lg-2 gutters-col-md-2 gutters-col-0 gutters-col-v-lg-2 gutters-col-v-md-2 gutters-col-v-2\">\n          <!---->\n          <div class=\"h-column h-column-container d-flex h-col-lg-auto h-col-md-auto h-col-auto style-1355-outer style-local-739-c24-outer\">\n            <div data-colibri-id=\"739-c24\" class=\"d-flex h-flex-basis h-column__inner h-px-lg-2 h-px-md-2 h-px-2 v-inner-lg-2 v-inner-md-2 v-inner-2 style-1355 style-local-739-c24 position-relative\">\n              <!---->\n              <!---->\n              <div class=\"w-100 h-y-container h-column__content h-column__v-align flex-basis-100 align-self-lg-start align-self-md-start align-self-start\">\n                <!---->\n                <div data-colibri-id=\"739-c25\" class=\"h-x-container style-1356 style-local-739-c25 position-relative h-element\">\n                  <!---->\n                  <div class=\"h-x-container-inner style-dynamic-739-c25-group style-1356-spacing style-local-739-c25-spacing\"><span class=\"h-button__outer style-1357-outer style-local-739-c26-outer d-inline-flex h-element\"><a h-use-smooth-scroll=\"true\" href=\"https:\/\/share.hsforms.com\/1NZRXIhhzQ_qp9qJSd3KPLAt0uwq\" target=\"_blank\"  data-colibri-id=\"739-c26\" class=\"d-flex w-100 align-items-center h-button justify-content-lg-center justify-content-md-center justify-content-center style-1357 style-local-739-c26 position-relative\"><!----><!----> <span>Nous contacter<\/span><\/a>\n                    <\/span>\n                  <\/div>\n                <\/div>\n              <\/div>\n            <\/div>\n          <\/div>\n        <\/div>\n      <\/div>\n      <div data-colibri-id=\"739-c17\" class=\"h-row-container gutters-row-lg-2 gutters-row-md-2 gutters-row-0 gutters-row-v-lg-2 gutters-row-v-md-2 gutters-row-v-2 style-1348 style-local-739-c17 position-relative\">\n        <!---->\n        <div class=\"h-row justify-content-lg-center justify-content-md-center justify-content-center align-items-lg-stretch align-items-md-stretch align-items-stretch gutters-col-lg-2 gutters-col-md-2 gutters-col-0 gutters-col-v-lg-2 gutters-col-v-md-2 gutters-col-v-2\">\n          <!---->\n          <div class=\"h-column h-column-container d-flex h-col-lg-auto h-col-md-auto h-col-auto style-1349-outer style-local-739-c18-outer\">\n            <div data-colibri-id=\"739-c18\" class=\"d-flex h-flex-basis h-column__inner h-px-lg-2 h-px-md-2 h-px-2 v-inner-lg-2 v-inner-md-2 v-inner-2 style-1349 style-local-739-c18 position-relative\">\n              <!---->\n              <!---->\n              <div class=\"w-100 h-y-container h-column__content h-column__v-align flex-basis-100 align-self-lg-start align-self-md-start align-self-start\">\n                <!---->\n                <div data-colibri-id=\"739-c21\" class=\"h-x-container style-1352 style-local-739-c21 position-relative h-element\">\n                  <!---->\n                  <div class=\"h-x-container-inner style-dynamic-739-c21-group style-1352-spacing style-local-739-c21-spacing\"><span class=\"h-button__outer style-1353-outer style-local-739-c22-outer d-inline-flex h-element\"><a h-use-smooth-scroll=\"true\" href=\"https:\/\/cabinet-renaisens.fr\/index.php\/consultations-sur-houilles-78-idf\/\" target=\"_blank\"  data-colibri-id=\"739-c22\" class=\"d-flex w-100 align-items-center h-button justify-content-lg-center justify-content-md-center justify-content-center style-1353 style-local-739-c22 position-relative\"><!----><!----> <span>Psychologue Houilles<\/span><\/a>\n                    <\/span>\n                  <\/div>\n                <\/div>\n              <\/div>\n            <\/div>\n          <\/div>\n          <div class=\"h-column h-column-container d-flex h-col-lg-auto h-col-md-auto h-col-auto style-1350-outer style-local-739-c19-outer\">\n            <div data-colibri-id=\"739-c19\" class=\"d-flex h-flex-basis h-column__inner h-px-lg-2 h-px-md-2 h-px-2 v-inner-lg-2 v-inner-md-2 v-inner-2 style-1350 style-local-739-c19 position-relative\">\n              <!---->\n              <!---->\n              <div class=\"w-100 h-y-container h-column__content h-column__v-align flex-basis-100 align-self-lg-start align-self-md-start align-self-start\">\n                <!---->\n                <div data-colibri-id=\"739-c27\" class=\"h-x-container style-1358 style-local-739-c27 position-relative h-element\">\n                  <!---->\n                  <div class=\"h-x-container-inner style-dynamic-739-c27-group style-1358-spacing style-local-739-c27-spacing\"><span class=\"h-button__outer style-1359-outer style-local-739-c28-outer d-inline-flex h-element\"><a h-use-smooth-scroll=\"true\" href=\"https:\/\/cabinet-renaisens.fr\/index.php\/suivi-a-distance\/?customize_changeset_uuid=ba0fdfe3-7076-4b24-b20b-96f97d6d3d04\" target=\"_blank\"  data-colibri-id=\"739-c28\" class=\"d-flex w-100 align-items-center h-button justify-content-lg-center justify-content-md-center justify-content-center style-1359 style-local-739-c28 position-relative\"><!----><!----> <span>Consultations \u00e0 distance<\/span><\/a>\n                    <\/span>\n                  <\/div>\n                <\/div>\n              <\/div>\n            <\/div>\n          <\/div>\n          <div class=\"h-column h-column-container d-flex h-col-lg-auto h-col-md-auto h-col-auto style-1351-outer style-local-739-c20-outer\">\n            <div data-colibri-id=\"739-c20\" class=\"d-flex h-flex-basis h-column__inner h-px-lg-2 h-px-md-2 h-px-2 v-inner-lg-2 v-inner-md-2 v-inner-2 style-1351 style-local-739-c20 position-relative\">\n              <!---->\n              <!---->\n              <div class=\"w-100 h-y-container h-column__content h-column__v-align flex-basis-100 align-self-lg-start align-self-md-start align-self-start\">\n                <!---->\n                <div data-colibri-id=\"739-c29\" class=\"h-x-container style-1360 style-local-739-c29 position-relative h-element\">\n                  <!---->\n                  <div class=\"h-x-container-inner style-dynamic-739-c29-group style-1360-spacing style-local-739-c29-spacing\"><span class=\"h-button__outer style-1361-outer style-local-739-c30-outer d-inline-flex h-element\"><a h-use-smooth-scroll=\"true\" href=\"https:\/\/cabinet-renaisens.fr\/index.php\/consultations-sur-la-madeleine-de-nonancourt-eure\/\" target=\"_blank\"  data-colibri-id=\"739-c30\" class=\"d-flex w-100 align-items-center h-button justify-content-lg-center justify-content-md-center justify-content-center style-1361 style-local-739-c30 position-relative\"><!----><!----> <span>Psychologue La Madeleine de Nonancourt<\/span><\/a>\n                    <\/span>\n                  <\/div>\n                <\/div>\n              <\/div>\n            <\/div>\n          <\/div>\n        <\/div>\n      <\/div>\n    <\/div>\n  <\/div>\n<\/div>","protected":false},"excerpt":{"rendered":"<p>Les psychologues sont soumis \u00e0 un code de d\u00e9ontologie qui&nbsp;vise \u00e0 prot\u00e9ger les patients ainsi que les praticiens contre les m\u00e9susages de la psychologie. T\u00e9l\u00e9chargez le code de d\u00e9ontologie des psychologues T\u00e9l\u00e9chargez le code de d\u00e9ontologie des Coachs en psychologie positive Le m\u00e9tier de coach n&rsquo;est pas r\u00e9glement\u00e9 en France. Toutefois nous nous engageons \u00e0 [&hellip;]<\/p>\n","protected":false},"author":2,"featured_media":1043,"parent":0,"menu_order":0,"comment_status":"closed","ping_status":"closed","template":"page-templates\/full-width-page.php","meta":{"content-type":"","om_disable_all_campaigns":false,"_monsterinsights_skip_tracking":false,"_monsterinsights_sitenote_active":false,"_monsterinsights_sitenote_note":"","_monsterinsights_sitenote_category":0,"iawp_total_views":19,"footnotes":""},"class_list":["post-739","page","type-page","status-publish","has-post-thumbnail","hentry"],"aioseo_notices":[],"_links":{"self":[{"href":"https:\/\/cabinet-renaisens.fr\/index.php\/wp-json\/wp\/v2\/pages\/739","targetHints":{"allow":["GET"]}}],"collection":[{"href":"https:\/\/cabinet-renaisens.fr\/index.php\/wp-json\/wp\/v2\/pages"}],"about":[{"href":"https:\/\/cabinet-renaisens.fr\/index.php\/wp-json\/wp\/v2\/types\/page"}],"author":[{"embeddable":true,"href":"https:\/\/cabinet-renaisens.fr\/index.php\/wp-json\/wp\/v2\/users\/2"}],"replies":[{"embeddable":true,"href":"https:\/\/cabinet-renaisens.fr\/index.php\/wp-json\/wp\/v2\/comments?post=739"}],"version-history":[{"count":0,"href":"https:\/\/cabinet-renaisens.fr\/index.php\/wp-json\/wp\/v2\/pages\/739\/revisions"}],"wp:featuredmedia":[{"embeddable":true,"href":"https:\/\/cabinet-renaisens.fr\/index.php\/wp-json\/wp\/v2\/media\/1043"}],"wp:attachment":[{"href":"https:\/\/cabinet-renaisens.fr\/index.php\/wp-json\/wp\/v2\/media?parent=739"}],"curies":[{"name":"wp","href":"https:\/\/api.w.org\/{rel}","templated":true}]}}