{"id":4193,"date":"2026-01-18T18:59:35","date_gmt":"2026-01-18T17:59:35","guid":{"rendered":"https:\/\/cabinet-renaisens.fr\/?page_id=4193"},"modified":"2026-01-28T21:24:05","modified_gmt":"2026-01-28T20:24:05","slug":"psychologue-houilles-78-consultations-a-distance","status":"publish","type":"page","link":"https:\/\/cabinet-renaisens.fr\/index.php\/psychologue-houilles-78-consultations-a-distance\/","title":{"rendered":"Psychologue Houilles (78) \u2013 Consultations \u00e0 distance"},"content":{"rendered":"\n<h1 class=\"wp-block-heading\">Consultations psychologue Houilles (78) \u2013 Cabinet RENAI&rsquo;Sens<\/h1>\n\n\n\n<p>Psychologue clinicienne \u00e0 Houilles (78), sp\u00e9cialis\u00e9e burn-out, reconversion pro, souffrance au travail, recherche de sens, relations toxiques, confiance en soi. Consultations visio\/t\u00e9l\u00e9phone + pr\u00e9sentiel le mercredi uniquement sur Houilles au sein du tiers lieu <a href=\"https:\/\/share.google\/ur3am8VCpGP4T4hKG\" target=\"_blank\" rel=\"noopener\" title=\"\">LES COLIBRIS<\/a> , <a href=\"http:\/\/google.com\/maps?hl=fr&amp;gl=fr&amp;um=1&amp;ie=UTF-8&amp;fb=1&amp;sa=X&amp;ftid=0x47e663007e4bf97d:0x4e092b18bc907e26\" target=\"_blank\" rel=\"noopener\" title=\"\">11 avenue Charles de Gaulle 78800 HOUILLES<\/a> (A 2 minutes RER A &#8211; Parking possible).<\/p>\n\n\n\n<h2 class=\"wp-block-heading\">Pourquoi des habitants de Houilles me consultent r\u00e9guli\u00e8rement ?<\/h2>\n\n\n\n<p>\u00c0 Houilles et dans les yvelines, beaucoup de travailleur(se)s\/chef(e)s d&rsquo;entreprises (PME industrielles, services RER A, proximit\u00e9 La D\u00e9fense) font face \u00e0 :<\/p>\n\n\n\n<ul class=\"wp-block-list\">\n<li><strong>Stress cadres interm\u00e9diaires<\/strong> : responsabilit\u00e9 sans pouvoir d\u00e9cision<\/li>\n\n\n\n<li><strong>Syndrome imposteur<\/strong>&nbsp;: cadres interm\u00e9diaires sous pression<\/li>\n\n\n\n<li><strong>Perte de sens professionnel<\/strong> : questionnements sur la suite de carri\u00e8re apr\u00e8s 10-15 ans d\u2019exp\u00e9rience<\/li>\n\n\n\n<li><strong>\u00c9quilibre vie pro\/perso<\/strong>&nbsp;: trajets Paris + enfants + pression r\u00e9sultats<\/li>\n\n\n\n<li><strong>Crise milieu de vie<\/strong>&nbsp;: 45-55 ans, questionnement pro et perso ?<\/li>\n\n\n\n<li><strong>Relations toxiques<\/strong> : pro (management, coll\u00e8gues&#8230;) ou perso (conjoint, famille&#8230;)<\/li>\n<\/ul>\n\n\n\n<p>En tant que psychologue clinicienne sp\u00e9cialis\u00e9e en psychologie positive au travail (+20 ans exp\u00e9rience), j\u2019accompagne r\u00e9guli\u00e8rement des habitants de Houilles,  Montesson, Sartrouville , Chatou, Saint-Germain-en-Laye, Maisons-Laffitte, Carri\u00e8res-sur-Seine qui vivent ces difficult\u00e9s.<\/p>\n\n\n\n<p><strong>Mon avantage :<\/strong> approche combinant \u00e9coute clinique et outils concrets (psychologie positive, coaching orient\u00e9 solutions). Possibilit\u00e9s de <a href=\"https:\/\/cabinet-renaisens.fr\/index.php\/suivi-a-distance\/\" target=\"_blank\" rel=\"noopener\" title=\"\">suivi \u00e0 distance<\/a> &#8211; Consultations par t\u00e9l\u00e9phone ou en visio.<\/p>\n\n\n\n<p><strong><a href=\"https:\/\/calendly.com\/contact-cabinet-renaisens\/rdv-decouverte-30-minutes-telephone-ou-visio\" target=\"_blank\" rel=\"noopener\" title=\"\">Appel gratuit 30 min<\/a>:<\/strong> Avant de d\u00e9buter tout accompagnement un appel (gratuit et sans engagement) de 30 minutes nous permet de faire connaissance, faire le point sur votre situation, et d\u00e9cider ensemble du suivi \u00e0 mettre en place.<\/p>\n\n\n\n<p class=\"has-text-align-center\"><em><em><em><em><em>\u00ab\u00a0Responsable de service, \u00e9puis\u00e9 par des relations toxiques au sein de mon \u00e9quipe. J&rsquo;ai appris \u00e0 me positionner et \u00e0 retrouver de l\u00e9nergie.\u00a0\u00bb  \u2013 N. R., 41 ans, Houilles<\/em><\/em><\/em><\/em><\/em><\/p>\n\n\n\n<div class=\"wp-block-media-text is-stacked-on-mobile is-style-rounded\" style=\"grid-template-columns:15% auto\"><figure class=\"wp-block-media-text__media\"><img decoding=\"async\" width=\"773\" height=\"1024\" data-src=\"https:\/\/cabinet-renaisens.fr\/wp-content\/uploads\/2025\/04\/cropped-cropped-Christelle-CHOLLET-3-scaled-1-773x1024.jpg\" alt=\"Consultation de psychologie \u00e0 distance- Souffrance au travail \u2013 Ateliers- Formation- RH - QVT \u2013 Psychologie Positive- Cabinet RENAI'Sens - Christelle CHOLLET Psychologue Houilles et La madeleine de Nonancourt\" class=\"wp-image-3505 size-full lazyload\" data-srcset=\"https:\/\/cabinet-renaisens.fr\/wp-content\/uploads\/2025\/04\/cropped-cropped-Christelle-CHOLLET-3-scaled-1-773x1024.jpg 773w, https:\/\/cabinet-renaisens.fr\/wp-content\/uploads\/2025\/04\/cropped-cropped-Christelle-CHOLLET-3-scaled-1-227x300.jpg 227w, https:\/\/cabinet-renaisens.fr\/wp-content\/uploads\/2025\/04\/cropped-cropped-Christelle-CHOLLET-3-scaled-1-768x1017.jpg 768w, https:\/\/cabinet-renaisens.fr\/wp-content\/uploads\/2025\/04\/cropped-cropped-Christelle-CHOLLET-3-scaled-1-1160x1536.jpg 1160w, https:\/\/cabinet-renaisens.fr\/wp-content\/uploads\/2025\/04\/cropped-cropped-Christelle-CHOLLET-3-scaled-1-1547x2048.jpg 1547w, https:\/\/cabinet-renaisens.fr\/wp-content\/uploads\/2025\/04\/cropped-cropped-Christelle-CHOLLET-3-scaled-1.jpg 1902w\" data-sizes=\"(max-width: 773px) 100vw, 773px\" src=\"data:image\/svg+xml;base64,PHN2ZyB3aWR0aD0iMSIgaGVpZ2h0PSIxIiB4bWxucz0iaHR0cDovL3d3dy53My5vcmcvMjAwMC9zdmciPjwvc3ZnPg==\" style=\"--smush-placeholder-width: 773px; --smush-placeholder-aspect-ratio: 773\/1024;\" \/><\/figure><div class=\"wp-block-media-text__content\">\n<p><\/p>\n\n\n\n<div class=\"wp-block-buttons is-content-justification-center is-layout-flex wp-container-core-buttons-is-layout-16018d1d wp-block-buttons-is-layout-flex\">\n<div class=\"wp-block-button\"><a class=\"wp-block-button__link wp-element-button\" href=\"https:\/\/cabinet-renaisens.fr\/index.php\/suivi-a-distance\/\" target=\"_blank\" rel=\"noreferrer noopener\">Consultations \u00e0 distance<\/a><\/div>\n\n\n\n<div class=\"wp-block-button\"><a class=\"wp-block-button__link wp-element-button\" href=\"https:\/\/cabinet-renaisens.fr\/index.php\/temoignages\/\" target=\"_blank\" rel=\"noreferrer noopener\">T\u00e9moignages<\/a><\/div>\n\n\n\n<div class=\"wp-block-button\"><a class=\"wp-block-button__link wp-element-button\" href=\"https:\/\/cabinet-renaisens.fr\/index.php\/presentation\/\">Cabinet RENAI&rsquo;Sens<\/a><\/div>\n\n\n\n<div class=\"wp-block-button\"><a class=\"wp-block-button__link has-luminous-dusk-gradient-background has-background wp-element-button\" href=\"https:\/\/calendly.com\/contact-cabinet-renaisens\/rdv-decouverte-30-minutes-telephone-ou-visio\">R\u00e9servez votre 1er RDV<\/a><\/div>\n<\/div>\n<\/div><\/div>\n\n\n<div class=\"wp-gr rpi wpac\" data-id=\"4200\" data-layout=\"grid\" data-exec=\"false\" data-options='{&quot;text_size&quot;:&quot;&quot;,&quot;trans&quot;:{&quot;read more&quot;:&quot;plus&quot;}}'><svg xmlns=\"http:\/\/www.w3.org\/2000\/svg\" style=\"display:none!important\"><symbol id=\"grw-tripadvisor\" viewBox=\"0 0 713.496 713.496\"><g><circle fill=\"#34E0A1\" cx=\"356.749\" cy=\"356.748\" r=\"356.748\"\/><path d=\"M577.095,287.152l43.049-46.836h-95.465c-47.792-32.646-105.51-51.659-167.931-51.659   c-62.342,0-119.899,19.054-167.612,51.659H93.432l43.049,46.836c-26.387,24.075-42.929,58.754-42.929,97.259   c0,72.665,58.914,131.578,131.579,131.578c34.519,0,65.968-13.313,89.446-35.077l42.172,45.919l42.172-45.879   c23.478,21.764,54.887,35.037,89.406,35.037c72.665,0,131.658-58.913,131.658-131.578   C620.024,345.866,603.483,311.188,577.095,287.152z M225.17,473.458c-49.188,0-89.047-39.859-89.047-89.047   s39.86-89.048,89.047-89.048c49.187,0,89.047,39.86,89.047,89.048S274.357,473.458,225.17,473.458z M356.788,381.82   c0-58.595-42.61-108.898-98.853-130.383c30.413-12.716,63.776-19.771,98.813-19.771s68.439,7.055,98.853,19.771   C399.399,272.962,356.788,323.226,356.788,381.82z M488.367,473.458c-49.188,0-89.048-39.859-89.048-89.047   s39.86-89.048,89.048-89.048s89.047,39.86,89.047,89.048S537.554,473.458,488.367,473.458z M488.367,337.694   c-25.79,0-46.677,20.887-46.677,46.677c0,25.789,20.887,46.676,46.677,46.676c25.789,0,46.676-20.887,46.676-46.676   C535.042,358.621,514.156,337.694,488.367,337.694z M271.846,384.411c0,25.789-20.887,46.676-46.676,46.676   s-46.676-20.887-46.676-46.676c0-25.79,20.887-46.677,46.676-46.677C250.959,337.694,271.846,358.621,271.846,384.411z\"\/><\/g><\/symbol><symbol id=\"grw-google\" viewBox=\"0 0 512 512\"><g fill=\"none\" fill-rule=\"evenodd\"><path d=\"M482.56 261.36c0-16.73-1.5-32.83-4.29-48.27H256v91.29h127.01c-5.47 29.5-22.1 54.49-47.09 71.23v59.21h76.27c44.63-41.09 70.37-101.59 70.37-173.46z\" fill=\"#4285f4\"\/><path d=\"M256 492c63.72 0 117.14-21.13 156.19-57.18l-76.27-59.21c-21.13 14.16-48.17 22.53-79.92 22.53-61.47 0-113.49-41.51-132.05-97.3H45.1v61.15c38.83 77.13 118.64 130.01 210.9 130.01z\" fill=\"#34a853\"\/><path d=\"M123.95 300.84c-4.72-14.16-7.4-29.29-7.4-44.84s2.68-30.68 7.4-44.84V150.01H45.1C29.12 181.87 20 217.92 20 256c0 38.08 9.12 74.13 25.1 105.99l78.85-61.15z\" fill=\"#fbbc05\"\/><path d=\"M256 113.86c34.65 0 65.76 11.91 90.22 35.29l67.69-67.69C373.03 43.39 319.61 20 256 20c-92.25 0-172.07 52.89-210.9 130.01l78.85 61.15c18.56-55.78 70.59-97.3 132.05-97.3z\" fill=\"#ea4335\"\/><path d=\"M20 20h472v472H20V20z\"\/><\/g><\/symbol><\/svg><div class=\"grw-header\"><div class=\"grw-header-inner rpi-flx rpi-row12\"><div class=\"grw-img-wrap\"><img decoding=\"async\" class=\"grw-img\" src=\"https:\/\/lh3.googleusercontent.com\/places\/ANXAkqE8KKRcq_66lAg_LKT566Sz1VARuUeXuzDjw7N_1EbwB39vajmBAOfgHgzxQRAu2xvzb4CEh9z3cH2-Z3yOJxZiLa5jGR__rw=s4800-w300-h300\" loading=\"lazy\" alt=\"Christelle CHOLLET - Psychologue - Cabinet RENAI&#039;Sens - consultations \u00e0 distance\/Houilles\/Nonancourt place picture\" width=\"50\" height=\"50\" onerror=\"if(this.src!='data:image\/gif;base64,R0lGODlhAQABAIAAAAAAAP\/\/\/yH5BAEAAAAALAAAAAABAAEAAAIBRAA7')this.src='data:image\/gif;base64,R0lGODlhAQABAIAAAAAAAP\/\/\/yH5BAEAAAAALAAAAAABAAEAAAIBRAA7';\" ><\/div><div class=\"rpi-flx rpi-col8\"><div class=\"wp-google-name\"><a href=\"https:\/\/maps.google.com\/?cid=11512250751660399370&#038;g_mp=CiVnb29nbGUubWFwcy5wbGFjZXMudjEuUGxhY2VzLkdldFBsYWNlEAIYBCAA\" target=\"_blank\" rel=\"nofollow noopener\">Christelle CHOLLET - Psychologue - Cabinet RENAI&#039;Sens - consultations \u00e0 distance\/Houilles\/Nonancourt<\/a><\/div><span class=\"rpi-stars\" style=\"--rating:5.0\">5.0<\/span><div class=\"wp-google-based\">Bas\u00e9 sur 26 avis<\/div><div class=\"wp-google-powered\">powered by <span><span style=\"color:#3c6df0!important\">G<\/span><span style=\"color:#d93025!important\">o<\/span><span style=\"color:#fb8e28!important\">o<\/span><span style=\"color:#3c6df0!important\">g<\/span><span style=\"color:#188038!important\">l<\/span><span style=\"color:#d93025!important\">e<\/span><\/span><\/div><div class=\"wp-google-wr\"><a href=\"https:\/\/search.google.com\/local\/writereview?placeid=ChIJ99L05XGx4AERChvxaRC7w58\" target=\"_blank\" rel=\"nofollow noopener\" onclick=\"return rplg_leave_review_window.call(this)\">notez-nous sur<svg height=\"16\" width=\"16\" role=\"none\"><use href=\"#grw-google\"><\/use><\/svg><\/a><\/div><\/div><\/div><\/div><div class=\"grw-row grw-row-m\" data-options='{\"breakpoints\":\"\"}'><div class=\"grw-content\"><div class=\"grw-content-inner\"><div class=\"grw-reviews\"><div class=\"rpi-slide grw-review\"><div class=\"rpi-flx rpi-col12 grw-review-inner grw-backgnd grw-round\"><div class=\"rpi-flx rpi-row12-center\"><div class=\"grw-img-wrap\"><img decoding=\"async\" class=\"grw-img lazyload\" alt=\"Ines profile picture\" width=\"50\" height=\"50\" onerror=\"if(this.src!='https:\/\/cabinet-renaisens.fr\/wp-content\/plugins\/widget-google-reviews\/assets\/img\/guest.png')this.data-src='https:\/\/cabinet-renaisens.fr\/wp-content\/plugins\/widget-google-reviews\/assets\/img\/guest.png';\"  src=\"data:image\/svg+xml;base64,PHN2ZyB3aWR0aD0iMSIgaGVpZ2h0PSIxIiB4bWxucz0iaHR0cDovL3d3dy53My5vcmcvMjAwMC9zdmciPjwvc3ZnPg==\" style=\"--smush-placeholder-width: 50px; --smush-placeholder-aspect-ratio: 50\/50;\"><\/div><div class=\"rpi-flx rpi-col6\"><a href=\"https:\/\/www.google.com\/maps\/contrib\/110599106929426046821\/reviews\" class=\"wp-google-name\" target=\"_blank\" rel=\"nofollow noopener\">Ines<\/a><div class=\"wp-google-time\" data-time=\"1767881629\">14:13 08 Jan 26<\/div><\/div><\/div><span class=\"rpi-stars\" style=\"--rating:5\"><\/span><div class=\"rpi-flx rpi-col4\"><div class=\"wp-google-feedback grw-scroll\" ><span class=\"wp-google-text\">Un grand merci \u00e0 Christelle pour la qualit\u00e9 et la justesse de son accompagnement &#x1f64f; Le travail a r\u00e9ellement fait la diff\u00e9rence dans mon cheminement personnel et dans ma reconstruction suite \u00e0 un burn-out.<br \/>Un soutien pr\u00e9cieux, bienveillant et essentiel. Je ne peux que vous la recommander.<\/span><\/div><\/div><svg height=\"16\" width=\"16\" role=\"none\"><use href=\"#grw-google\"\/><\/svg><\/div><\/div><div class=\"rpi-slide grw-review\"><div class=\"rpi-flx rpi-col12 grw-review-inner grw-backgnd grw-round\"><div class=\"rpi-flx rpi-row12-center\"><div class=\"grw-img-wrap\"><img decoding=\"async\" class=\"grw-img lazyload\" alt=\"Yanis Kucuk (Soukkoup) profile picture\" width=\"50\" height=\"50\" onerror=\"if(this.src!='https:\/\/cabinet-renaisens.fr\/wp-content\/plugins\/widget-google-reviews\/assets\/img\/guest.png')this.data-src='https:\/\/cabinet-renaisens.fr\/wp-content\/plugins\/widget-google-reviews\/assets\/img\/guest.png';\"  src=\"data:image\/svg+xml;base64,PHN2ZyB3aWR0aD0iMSIgaGVpZ2h0PSIxIiB4bWxucz0iaHR0cDovL3d3dy53My5vcmcvMjAwMC9zdmciPjwvc3ZnPg==\" style=\"--smush-placeholder-width: 50px; --smush-placeholder-aspect-ratio: 50\/50;\"><\/div><div class=\"rpi-flx rpi-col6\"><a href=\"https:\/\/www.google.com\/maps\/contrib\/108927452733715780750\/reviews\" class=\"wp-google-name\" target=\"_blank\" rel=\"nofollow noopener\">Yanis Kucuk (Soukkoup)<\/a><div class=\"wp-google-time\" data-time=\"1756570151\">16:09 30 Aug 25<\/div><\/div><\/div><span class=\"rpi-stars\" style=\"--rating:5\"><\/span><div class=\"rpi-flx rpi-col4\"><div class=\"wp-google-feedback grw-scroll\" ><span class=\"wp-google-text\">Exp\u00e9rience recommand\u00e9e. Pour le peu de Seance que j\u2019ai eu, le professionnalisme et la g\u00e9n\u00e9rosit\u00e9 de Christelle m\u2019a \u00e9t\u00e9 d\u2019une immense aide dans mes r\u00e9flexions et autres. Merci.<\/span><\/div><\/div><svg height=\"16\" width=\"16\" role=\"none\"><use href=\"#grw-google\"\/><\/svg><\/div><\/div><div class=\"rpi-slide grw-review\"><div class=\"rpi-flx rpi-col12 grw-review-inner grw-backgnd grw-round\"><div class=\"rpi-flx rpi-row12-center\"><div class=\"grw-img-wrap\"><img decoding=\"async\" class=\"grw-img lazyload\" alt=\"Aldi SIM profile picture\" width=\"50\" height=\"50\" onerror=\"if(this.src!='https:\/\/cabinet-renaisens.fr\/wp-content\/plugins\/widget-google-reviews\/assets\/img\/guest.png')this.data-src='https:\/\/cabinet-renaisens.fr\/wp-content\/plugins\/widget-google-reviews\/assets\/img\/guest.png';\"  src=\"data:image\/svg+xml;base64,PHN2ZyB3aWR0aD0iMSIgaGVpZ2h0PSIxIiB4bWxucz0iaHR0cDovL3d3dy53My5vcmcvMjAwMC9zdmciPjwvc3ZnPg==\" style=\"--smush-placeholder-width: 50px; --smush-placeholder-aspect-ratio: 50\/50;\"><\/div><div class=\"rpi-flx rpi-col6\"><a href=\"https:\/\/www.google.com\/maps\/contrib\/104509215294821086979\/reviews\" class=\"wp-google-name\" target=\"_blank\" rel=\"nofollow noopener\">Aldi SIM<\/a><div class=\"wp-google-time\" data-time=\"1752080926\">17:08 09 Jul 25<\/div><\/div><\/div><span class=\"rpi-stars\" style=\"--rating:5\"><\/span><div class=\"rpi-flx rpi-col4\"><div class=\"wp-google-feedback grw-scroll\" ><span class=\"wp-google-text\">Tr\u00e8s belle rencontre !<br \/>J'ai fait appel.\u00e0 Christelle alors que je traversais une p\u00e9riode difficile de ma vie. Gr\u00e2ce \u00e0 son \u00e9coute active, sa bienveillance, sa  disponibilit\u00e9, son analyse tr\u00e8s juste des situations, j'ai pu reprendre tr\u00e8s vite confiance en moi et rebondir tr\u00e8s rapidement.<br \/>Je ne peux que la recommander!<\/span><\/div><\/div><svg height=\"16\" width=\"16\" role=\"none\"><use href=\"#grw-google\"\/><\/svg><\/div><\/div><div class=\"rpi-slide grw-review\"><div class=\"rpi-flx rpi-col12 grw-review-inner grw-backgnd grw-round\"><div class=\"rpi-flx rpi-row12-center\"><div class=\"grw-img-wrap\"><img decoding=\"async\" class=\"grw-img lazyload\" alt=\"Salom\u00e9 AMARO de OLIVEIRA (Salom\u00e9 PEREIRA) profile picture\" width=\"50\" height=\"50\" onerror=\"if(this.src!='https:\/\/cabinet-renaisens.fr\/wp-content\/plugins\/widget-google-reviews\/assets\/img\/guest.png')this.data-src='https:\/\/cabinet-renaisens.fr\/wp-content\/plugins\/widget-google-reviews\/assets\/img\/guest.png';\"  src=\"data:image\/svg+xml;base64,PHN2ZyB3aWR0aD0iMSIgaGVpZ2h0PSIxIiB4bWxucz0iaHR0cDovL3d3dy53My5vcmcvMjAwMC9zdmciPjwvc3ZnPg==\" style=\"--smush-placeholder-width: 50px; --smush-placeholder-aspect-ratio: 50\/50;\"><\/div><div class=\"rpi-flx rpi-col6\"><a href=\"https:\/\/www.google.com\/maps\/contrib\/104528044846844255143\/reviews\" class=\"wp-google-name\" target=\"_blank\" rel=\"nofollow noopener\">Salom\u00e9 AMARO de OLIVEIRA (Salom\u00e9 PEREIRA)<\/a><div class=\"wp-google-time\" data-time=\"1751882254\">09:57 07 Jul 25<\/div><\/div><\/div><span class=\"rpi-stars\" style=\"--rating:5\"><\/span><div class=\"rpi-flx rpi-col4\"><div class=\"wp-google-feedback grw-scroll\" ><span class=\"wp-google-text\">Pour ma part, je suis contente d\u2019avoir franchi le pas !<br \/>Alors un grand merci \u00e0 Christelle pour son aide bienveillante, j\u2019ai pu me confier tr\u00e8s facilement \u00e0 elle, elle m\u2019a \u00e9t\u00e9 d\u2019un grand secours et je sais que je peux l\u2019appeler si j\u2019en ressens encore le besoin, c\u2019est rassurant.<br \/>Et en effet je pense qu\u2019on devrait tous en profiter, car qui ne traine pas de casseroles ? m\u00eame petites &#x1f64f;<\/span><\/div><\/div><svg height=\"16\" width=\"16\" role=\"none\"><use href=\"#grw-google\"\/><\/svg><\/div><\/div><div class=\"rpi-slide grw-review\"><div class=\"rpi-flx rpi-col12 grw-review-inner grw-backgnd grw-round\"><div class=\"rpi-flx rpi-row12-center\"><div class=\"grw-img-wrap\"><img decoding=\"async\" class=\"grw-img lazyload\" alt=\"FRANCIS CECILIA profile picture\" width=\"50\" height=\"50\" onerror=\"if(this.src!='https:\/\/cabinet-renaisens.fr\/wp-content\/plugins\/widget-google-reviews\/assets\/img\/guest.png')this.data-src='https:\/\/cabinet-renaisens.fr\/wp-content\/plugins\/widget-google-reviews\/assets\/img\/guest.png';\"  src=\"data:image\/svg+xml;base64,PHN2ZyB3aWR0aD0iMSIgaGVpZ2h0PSIxIiB4bWxucz0iaHR0cDovL3d3dy53My5vcmcvMjAwMC9zdmciPjwvc3ZnPg==\" style=\"--smush-placeholder-width: 50px; --smush-placeholder-aspect-ratio: 50\/50;\"><\/div><div class=\"rpi-flx rpi-col6\"><a href=\"https:\/\/www.google.com\/maps\/contrib\/100063075424997677900\/reviews\" class=\"wp-google-name\" target=\"_blank\" rel=\"nofollow noopener\">FRANCIS CECILIA<\/a><div class=\"wp-google-time\" data-time=\"1750872795\">17:33 25 Jun 25<\/div><\/div><\/div><span class=\"rpi-stars\" style=\"--rating:5\"><\/span><div class=\"rpi-flx rpi-col4\"><div class=\"wp-google-feedback grw-scroll\" ><span class=\"wp-google-text\">Excellente psychologue Christelle. Elle a cette capacit\u00e9 d\u2019\u00e9coute incroyablement active et d\u2019une telle simplicit\u00e9 dot\u00e9e d\u2019une humilit\u00e9 rare et remarquable! La justesse et la pertinence de ses analyses sont impressionnantes! En deux semaines de consultation, elle a cern\u00e9 la probl\u00e9matique avec une telle facilit\u00e9 et si naturellement, l\u00e0 o\u00f9 d\u2019autres ont pris des mois. C\u2019est tout simplement de tr\u00e8s haut niveau. C\u2019est top ! &#x1f44c;&#x1f44c;&#x1f44c;Merci &#x1f64f;<\/span><\/div><\/div><svg height=\"16\" width=\"16\" role=\"none\"><use href=\"#grw-google\"\/><\/svg><\/div><\/div><\/div><\/div><\/div><\/div><script>(function(p){if(!p)return;let w=p.offsetWidth,m=function(a,b){return Math.min(a,b)===a};p.querySelector('.grw-row').classList.replace('grw-row-m','grw-row-'+(m(w,510)?'xs':m(w,750)?'x':m(w,1100)?'s':m(w,1450)?'m':m(w,1800)?'l':'xl'))})(document.currentScript?.parentElement)<\/script><\/div>\n\n\n\n<p><\/p>\n","protected":false},"excerpt":{"rendered":"<p>Consultations psychologue Houilles (78) \u2013 Cabinet RENAI&rsquo;Sens Psychologue clinicienne \u00e0 Houilles (78), sp\u00e9cialis\u00e9e burn-out, reconversion pro, souffrance au travail, recherche de sens, relations toxiques, confiance en soi. Consultations visio\/t\u00e9l\u00e9phone + pr\u00e9sentiel le mercredi uniquement sur Houilles au sein du tiers lieu LES COLIBRIS , 11 avenue Charles de Gaulle 78800 HOUILLES (A 2 minutes RER [&hellip;]<\/p>\n","protected":false},"author":2,"featured_media":2351,"parent":0,"menu_order":0,"comment_status":"closed","ping_status":"closed","template":"","meta":{"content-type":"","om_disable_all_campaigns":false,"_monsterinsights_skip_tracking":false,"_monsterinsights_sitenote_active":false,"_monsterinsights_sitenote_note":"","_monsterinsights_sitenote_category":0,"iawp_total_views":0,"footnotes":""},"class_list":["post-4193","page","type-page","status-publish","has-post-thumbnail","hentry"],"aioseo_notices":[],"_links":{"self":[{"href":"https:\/\/cabinet-renaisens.fr\/index.php\/wp-json\/wp\/v2\/pages\/4193","targetHints":{"allow":["GET"]}}],"collection":[{"href":"https:\/\/cabinet-renaisens.fr\/index.php\/wp-json\/wp\/v2\/pages"}],"about":[{"href":"https:\/\/cabinet-renaisens.fr\/index.php\/wp-json\/wp\/v2\/types\/page"}],"author":[{"embeddable":true,"href":"https:\/\/cabinet-renaisens.fr\/index.php\/wp-json\/wp\/v2\/users\/2"}],"replies":[{"embeddable":true,"href":"https:\/\/cabinet-renaisens.fr\/index.php\/wp-json\/wp\/v2\/comments?post=4193"}],"version-history":[{"count":0,"href":"https:\/\/cabinet-renaisens.fr\/index.php\/wp-json\/wp\/v2\/pages\/4193\/revisions"}],"wp:featuredmedia":[{"embeddable":true,"href":"https:\/\/cabinet-renaisens.fr\/index.php\/wp-json\/wp\/v2\/media\/2351"}],"wp:attachment":[{"href":"https:\/\/cabinet-renaisens.fr\/index.php\/wp-json\/wp\/v2\/media?parent=4193"}],"curies":[{"name":"wp","href":"https:\/\/api.w.org\/{rel}","templated":true}]}}