{"id":2188,"date":"2025-02-01T14:29:50","date_gmt":"2025-02-01T13:29:50","guid":{"rendered":"https:\/\/cabinet-renaisens.fr\/?page_id=2188"},"modified":"2025-09-05T17:11:09","modified_gmt":"2025-09-05T15:11:09","slug":"vous-etes-satisfaits-de-nos-prestations-nhesitez-pas-a-nous-laisser-un-avis","status":"publish","type":"page","link":"https:\/\/cabinet-renaisens.fr\/index.php\/vous-etes-satisfaits-de-nos-prestations-nhesitez-pas-a-nous-laisser-un-avis\/","title":{"rendered":"Vous \u00eates satisfaits de nos prestations? N&rsquo;h\u00e9sitez pas \u00e0 nous laisser un avis!"},"content":{"rendered":"\n<p>Vous avez appr\u00e9ci\u00e9 votre accompagnement avec <strong>le <a href=\"http:\/\/www.cabinet-renaisens.fr\">Cabinet RENAI&rsquo;Sens<\/a><\/strong> ? Partagez votre exp\u00e9rience en laissant un avis sur nos r\u00e9seaux sociaux ! \ud83c\udf1f<\/p>\n\n\n\n<p>Vos mots nous inspirent et aident d\u2019autres personnes \u00e0 franchir le pas. Un grand merci pour votre pr\u00e9cieux retour ! \ud83d\udc99<\/p>\n\n\n\n<div class=\"wp-block-columns is-layout-flex wp-container-core-columns-is-layout-9d6595d7 wp-block-columns-is-layout-flex\">\n<div class=\"wp-block-column is-layout-flow wp-block-column-is-layout-flow\" style=\"flex-basis:66.66%\">\n<p>Laisser un avis sur Google My Business <\/p>\n<\/div>\n\n\n\n<div class=\"wp-block-column is-layout-flow wp-block-column-is-layout-flow\" style=\"flex-basis:33.33%\">\n<div class=\"wp-block-buttons is-content-justification-center is-layout-flex wp-container-core-buttons-is-layout-8057eaf3 wp-block-buttons-is-layout-flex\">\n<div class=\"wp-block-button\"><a class=\"wp-block-button__link wp-element-button\" href=\"https:\/\/g.page\/r\/CQob8WkQu8OfEBM\/review\">Cliquez ICI<\/a><\/div>\n<\/div>\n<\/div>\n<\/div>\n\n\n\n<div class=\"wp-block-columns is-layout-flex wp-container-core-columns-is-layout-9d6595d7 wp-block-columns-is-layout-flex\">\n<div class=\"wp-block-column is-layout-flow wp-block-column-is-layout-flow\" style=\"flex-basis:66.66%\">\n<p>Laisser un avis sur Les Pages Jaunes <\/p>\n<\/div>\n\n\n\n<div class=\"wp-block-column is-layout-flow wp-block-column-is-layout-flow\" style=\"flex-basis:33.33%\">\n<div class=\"wp-block-buttons is-content-justification-center is-layout-flex wp-container-core-buttons-is-layout-51f7783f wp-block-buttons-is-layout-flex\">\n<div class=\"wp-block-button\"><a class=\"wp-block-button__link wp-element-button\" href=\"https:\/\/www.pagesjaunes.fr\/pros\/63646420\">Cliquez ICI<\/a><\/div>\n<\/div>\n<\/div>\n<\/div>\n\n\n\n<div class=\"wp-block-columns is-layout-flex wp-container-core-columns-is-layout-9d6595d7 wp-block-columns-is-layout-flex\">\n<div class=\"wp-block-column is-layout-flow wp-block-column-is-layout-flow\" style=\"flex-basis:66.66%\">\n<p>Laisser un avis sur notre page Facebook<\/p>\n<\/div>\n\n\n\n<div class=\"wp-block-column is-layout-flow wp-block-column-is-layout-flow\" style=\"flex-basis:33.33%\">\n<div class=\"wp-block-buttons is-content-justification-center is-layout-flex wp-container-core-buttons-is-layout-51f7783f wp-block-buttons-is-layout-flex\">\n<div class=\"wp-block-button\"><a class=\"wp-block-button__link wp-element-button\" href=\"https:\/\/www.facebook.com\/profile.php?id=100084771266880\">Cliquez ICI<\/a><\/div>\n<\/div>\n<\/div>\n<\/div>\n\n\n\n<div class=\"wp-block-columns is-layout-flex wp-container-core-columns-is-layout-9d6595d7 wp-block-columns-is-layout-flex\">\n<div class=\"wp-block-column is-layout-flow wp-block-column-is-layout-flow\" style=\"flex-basis:66.66%\">\n<p>Laisser un avis sur RESALIB<\/p>\n<\/div>\n\n\n\n<div class=\"wp-block-column is-layout-flow wp-block-column-is-layout-flow\" style=\"flex-basis:33.33%\">\n<div class=\"wp-block-buttons is-content-justification-center is-layout-flex wp-container-core-buttons-is-layout-51f7783f wp-block-buttons-is-layout-flex\">\n<div class=\"wp-block-button\"><a class=\"wp-block-button__link wp-element-button\" href=\"https:\/\/www.resalib.fr\/praticien\/102444-cabinet-renai-sens-christelle-chollet-ei-psychologue-houilles#addreviewmodal\">Cliquez ICI<\/a><\/div>\n<\/div>\n<\/div>\n<\/div>\n\n\n\n<div id=\"box\" align=\"center\"><a rel=\"nofollow\" href=\"https:\/\/www.psychologue.net\/cabinets\/christelle-chollet?utm_source=444901&#038;utm_medium=widget&#038;utm_campaign=widget-company_stamp\" target=\"_blank\" ><img decoding=\"async\" src=\"https:\/\/www.psychologue.net\/stamp.xpng?com=444901&#038;v=10\" alt=\"Christelle CHOLLET\" border=\"0\" \/><\/a><\/div>\n\n\n\n<p><\/p>\n","protected":false},"excerpt":{"rendered":"<p>Vous avez appr\u00e9ci\u00e9 votre accompagnement avec le Cabinet RENAI&rsquo;Sens ? Partagez votre exp\u00e9rience en laissant un avis sur nos r\u00e9seaux sociaux ! \ud83c\udf1f Vos mots nous inspirent et aident d\u2019autres personnes \u00e0 franchir le pas. Un grand merci pour votre pr\u00e9cieux retour ! \ud83d\udc99 Laisser un avis sur Google My Business Laisser un avis sur [&hellip;]<\/p>\n","protected":false},"author":2,"featured_media":478,"parent":0,"menu_order":0,"comment_status":"closed","ping_status":"closed","template":"","meta":{"content-type":"","om_disable_all_campaigns":false,"_monsterinsights_skip_tracking":false,"_monsterinsights_sitenote_active":false,"_monsterinsights_sitenote_note":"","_monsterinsights_sitenote_category":0,"iawp_total_views":20,"footnotes":""},"class_list":["post-2188","page","type-page","status-publish","has-post-thumbnail","hentry"],"aioseo_notices":[],"_links":{"self":[{"href":"https:\/\/cabinet-renaisens.fr\/index.php\/wp-json\/wp\/v2\/pages\/2188","targetHints":{"allow":["GET"]}}],"collection":[{"href":"https:\/\/cabinet-renaisens.fr\/index.php\/wp-json\/wp\/v2\/pages"}],"about":[{"href":"https:\/\/cabinet-renaisens.fr\/index.php\/wp-json\/wp\/v2\/types\/page"}],"author":[{"embeddable":true,"href":"https:\/\/cabinet-renaisens.fr\/index.php\/wp-json\/wp\/v2\/users\/2"}],"replies":[{"embeddable":true,"href":"https:\/\/cabinet-renaisens.fr\/index.php\/wp-json\/wp\/v2\/comments?post=2188"}],"version-history":[{"count":0,"href":"https:\/\/cabinet-renaisens.fr\/index.php\/wp-json\/wp\/v2\/pages\/2188\/revisions"}],"wp:featuredmedia":[{"embeddable":true,"href":"https:\/\/cabinet-renaisens.fr\/index.php\/wp-json\/wp\/v2\/media\/478"}],"wp:attachment":[{"href":"https:\/\/cabinet-renaisens.fr\/index.php\/wp-json\/wp\/v2\/media?parent=2188"}],"curies":[{"name":"wp","href":"https:\/\/api.w.org\/{rel}","templated":true}]}}