{"id":1130,"date":"2025-01-04T11:58:15","date_gmt":"2025-01-04T10:58:15","guid":{"rendered":"https:\/\/cabinet-renaisens.fr\/?page_id=1130"},"modified":"2025-09-04T15:45:44","modified_gmt":"2025-09-04T13:45:44","slug":"mentions-legales","status":"publish","type":"page","link":"https:\/\/cabinet-renaisens.fr\/index.php\/mentions-legales\/","title":{"rendered":"Mentions L\u00e9gales &#8211; Cabinet RENAI&rsquo;Sens"},"content":{"rendered":"<div data-colibri-id=\"1130-c1\" class=\"style-925 style-local-1130-c1 position-relative\">\r\n  <!---->\r\n  <div data-colibri-component=\"section\" data-colibri-id=\"1130-c2\" id=\"initial-content\" class=\"h-section h-section-global-spacing d-flex align-items-lg-center align-items-md-center align-items-center style-926 style-local-1130-c2 position-relative\">\r\n    <!---->\r\n    <!---->\r\n    <div class=\"h-section-grid-container h-section-boxed-container\">\r\n      <!---->\r\n      <div data-colibri-id=\"1130-c3\" class=\"h-row-container gutters-row-lg-2 gutters-row-md-2 gutters-row-0 gutters-row-v-lg-2 gutters-row-v-md-2 gutters-row-v-2 style-927 style-local-1130-c3 position-relative\">\r\n        <!---->\r\n        <div class=\"h-row justify-content-lg-center justify-content-md-center justify-content-center align-items-lg-stretch align-items-md-stretch align-items-stretch gutters-col-lg-2 gutters-col-md-2 gutters-col-0 gutters-col-v-lg-2 gutters-col-v-md-2 gutters-col-v-2\">\r\n          <!---->\r\n          <div class=\"h-column h-column-container d-flex h-col-lg-auto h-col-md-auto h-col-auto style-928-outer style-local-1130-c4-outer\">\r\n            <div data-colibri-id=\"1130-c4\" class=\"d-flex h-flex-basis h-column__inner h-px-lg-2 h-px-md-2 h-px-2 v-inner-lg-2 v-inner-md-2 v-inner-2 style-928 style-local-1130-c4 position-relative\">\r\n              <!---->\r\n              <!---->\r\n              <div class=\"w-100 h-y-container h-column__content h-column__v-align flex-basis-100 align-self-lg-start align-self-md-start align-self-start\">\r\n                <!---->\r\n                <div data-colibri-id=\"1130-c5\" class=\"style-929 style-local-1130-c5 position-relative h-element\">\r\n                  <!---->\r\n                  <div>\r\n                    \r\n                    <h3 class=\"wp-block-heading\"><strong>Informations l\u00e9gales :<\/strong><\/h3>\r\n                    \r\n\r\n                    \r\n                    <p>Le site internet : https:\/\/cabinet-renaisens.fr&nbsp;et tous ses sous-domaines sont d\u00e9tenus et g\u00e9r\u00e9s par la personne physique Christelle CHOLLET, immatricul\u00e9e \u00e0 l\u2019INPI sous le SIRET 93835473500012, repr\u00e9sent\u00e9e par Mme Christelle CHOLLET&nbsp;dont\r\n                      le si\u00e8ge social est sis :\r\n                      <br>32 rue Parmentier 78800 HOUILLES\r\n                      <br>Contact : contact@cabinet-renaisens.fr<\/p>\r\n                    \r\n\r\n                    \r\n                    <h3 class=\"wp-block-heading\"><strong>H\u00e9bergement :<\/strong><\/h3>\r\n                    \r\n\r\n                    \r\n                    <p>Le site https:\/\/cabinet-renaisens.fr&nbsp;est h\u00e9berg\u00e9 par :\r\n                      <br>OVH\r\n                      <br>2 rue Kellermann\r\n                      <br>BP 80157\r\n                      <br>59053 ROUBAIX CEDEX 1 FRANCE<\/p>\r\n                    \r\n\r\n                    \r\n                    <p>Pour signaler un contenu manifestement illicite, h\u00e9berg\u00e9 par OVH, il vous suffit d\u2019envoyer un courriel via le site&nbsp;\r\n                      <a href=\"https:\/\/www.ovh.com\/abuse\/\">https:\/\/www.ovh.com\/abuse\/<\/a>\r\n                    <\/p>\r\n                    \r\n                  <\/div>\r\n                <\/div>\r\n              <\/div>\r\n            <\/div>\r\n          <\/div>\r\n        <\/div>\r\n      <\/div>\r\n    <\/div>\r\n  <\/div>\r\n  <div data-colibri-component=\"section\" data-colibri-id=\"1130-c6\" id=\"custom\" class=\"h-section h-section-global-spacing d-flex align-items-lg-center align-items-md-center align-items-center style-930 style-local-1130-c6 position-relative\">\r\n    <!---->\r\n    <!---->\r\n    <div class=\"h-section-grid-container h-section-boxed-container\">\r\n      <!---->\r\n      <div data-colibri-id=\"1130-c9\" class=\"h-row-container gutters-row-lg-2 gutters-row-md-2 gutters-row-0 gutters-row-v-lg-2 gutters-row-v-md-2 gutters-row-v-2 style-933 style-local-1130-c9 position-relative\">\r\n        <!---->\r\n        <div class=\"h-row justify-content-lg-center justify-content-md-center justify-content-center align-items-lg-stretch align-items-md-stretch align-items-stretch gutters-col-lg-2 gutters-col-md-2 gutters-col-0 gutters-col-v-lg-2 gutters-col-v-md-2 gutters-col-v-2\">\r\n          <!---->\r\n          <div class=\"h-column h-column-container d-flex h-col-lg-auto h-col-md-auto h-col-auto style-934-outer style-local-1130-c10-outer\">\r\n            <div data-colibri-id=\"1130-c10\" class=\"d-flex h-flex-basis h-column__inner h-px-lg-2 h-px-md-2 h-px-2 v-inner-lg-2 v-inner-md-2 v-inner-2 style-934 style-local-1130-c10 position-relative\">\r\n              <!---->\r\n              <!---->\r\n              <div class=\"w-100 h-y-container h-column__content h-column__v-align flex-basis-100 align-self-lg-start align-self-md-start align-self-start\">\r\n                <!---->\r\n                <div data-colibri-id=\"1130-c11\" class=\"h-text h-text-component style-935 style-local-1130-c11 position-relative h-element\">\r\n                  <!---->\r\n                  <!---->\r\n                  <div class=\"\">\r\n                    <p>Cabinet RENAI&rsquo;Sens\u00ae est une marque d\u00e9pos\u00e9e aupr\u00e8s de l&rsquo;INPI. Toute utilisation non autoris\u00e9e est interdite.<\/p>\r\n                  <\/div>\r\n                <\/div>\r\n              <\/div>\r\n            <\/div>\r\n          <\/div>\r\n        <\/div>\r\n      <\/div>\r\n    <\/div>\r\n  <\/div>\r\n<\/div>","protected":false},"excerpt":{"rendered":"<p>Informations l\u00e9gales : Le site internet : https:\/\/cabinet-renaisens.fr&nbsp;et tous ses sous-domaines sont d\u00e9tenus et g\u00e9r\u00e9s par la personne physique Christelle CHOLLET, immatricul\u00e9e \u00e0 l\u2019INPI sous le SIRET 93835473500012, repr\u00e9sent\u00e9e par Mme Christelle CHOLLET&nbsp;dont le si\u00e8ge social est sis : 32 rue Parmentier 78800 HOUILLES Contact : contact@cabinet-renaisens.fr H\u00e9bergement : Le site https:\/\/cabinet-renaisens.fr&nbsp;est h\u00e9berg\u00e9 par : [&hellip;]<\/p>\n","protected":false},"author":2,"featured_media":997,"parent":0,"menu_order":0,"comment_status":"closed","ping_status":"closed","template":"page-templates\/full-width-page.php","meta":{"content-type":"","om_disable_all_campaigns":false,"_monsterinsights_skip_tracking":false,"_monsterinsights_sitenote_active":false,"_monsterinsights_sitenote_note":"","_monsterinsights_sitenote_category":0,"iawp_total_views":24,"footnotes":""},"class_list":["post-1130","page","type-page","status-publish","has-post-thumbnail","hentry"],"aioseo_notices":[],"_links":{"self":[{"href":"https:\/\/cabinet-renaisens.fr\/index.php\/wp-json\/wp\/v2\/pages\/1130","targetHints":{"allow":["GET"]}}],"collection":[{"href":"https:\/\/cabinet-renaisens.fr\/index.php\/wp-json\/wp\/v2\/pages"}],"about":[{"href":"https:\/\/cabinet-renaisens.fr\/index.php\/wp-json\/wp\/v2\/types\/page"}],"author":[{"embeddable":true,"href":"https:\/\/cabinet-renaisens.fr\/index.php\/wp-json\/wp\/v2\/users\/2"}],"replies":[{"embeddable":true,"href":"https:\/\/cabinet-renaisens.fr\/index.php\/wp-json\/wp\/v2\/comments?post=1130"}],"version-history":[{"count":0,"href":"https:\/\/cabinet-renaisens.fr\/index.php\/wp-json\/wp\/v2\/pages\/1130\/revisions"}],"wp:featuredmedia":[{"embeddable":true,"href":"https:\/\/cabinet-renaisens.fr\/index.php\/wp-json\/wp\/v2\/media\/997"}],"wp:attachment":[{"href":"https:\/\/cabinet-renaisens.fr\/index.php\/wp-json\/wp\/v2\/media?parent=1130"}],"curies":[{"name":"wp","href":"https:\/\/api.w.org\/{rel}","templated":true}]}}